{"id":17,"date":"2024-09-09T18:18:40","date_gmt":"2024-09-09T16:18:40","guid":{"rendered":"https:\/\/wilma.tim-wagner.com\/?page_id=17"},"modified":"2024-09-10T19:18:03","modified_gmt":"2024-09-10T17:18:03","slug":"unsere-leistungen","status":"publish","type":"page","link":"https:\/\/wilma.tim-wagner.com\/index.php\/unsere-leistungen\/","title":{"rendered":"Unsere Leistungen"},"content":{"rendered":"\n<div class=\"wp-block-group alignfull has-global-padding is-layout-constrained wp-container-core-group-is-layout-490fa1db wp-block-group-is-layout-constrained\" style=\"padding-top:var(--wp--preset--spacing--50);padding-right:var(--wp--preset--spacing--50);padding-bottom:var(--wp--preset--spacing--50);padding-left:var(--wp--preset--spacing--50)\">\n<div class=\"wp-block-group has-global-padding is-layout-constrained wp-container-core-group-is-layout-650790e1 wp-block-group-is-layout-constrained\">\n<h1 class=\"wp-block-heading has-text-align-center has-x-large-font-size\">Umfassende Tiermedizin auf h\u00f6chstem Niveau<\/h1>\n\n\n\n<div style=\"height:1.25rem\" aria-hidden=\"true\" class=\"wp-block-spacer\"><\/div>\n\n\n\n<p class=\"has-text-align-center\">In unserer Praxis bieten wir ein breites Spektrum an Dienstleistungen, um sicherzustellen, dass Ihr Haustier die bestm\u00f6gliche Versorgung erh\u00e4lt. Unser erfahrenes Team ist darauf spezialisiert, die individuellen Bed\u00fcrfnisse jedes Tieres zu erf\u00fcllen, von pr\u00e4ventiven Ma\u00dfnahmen bis hin zu komplexen Behandlungen.<\/p>\n\n\n\n<div style=\"height:1.25rem\" aria-hidden=\"true\" class=\"wp-block-spacer\"><\/div>\n<\/div>\n\n\n\n<div style=\"height:30px\" aria-hidden=\"true\" class=\"wp-block-spacer\"><\/div>\n\n\n\n<div class=\"wp-block-buttons is-content-justification-center is-layout-flex wp-container-core-buttons-is-layout-a89b3969 wp-block-buttons-is-layout-flex\">\n<div class=\"wp-block-button\"><a class=\"wp-block-button__link wp-element-button\">Termine<\/a><\/div>\n\n\n\n<div class=\"wp-block-button\"><a class=\"wp-block-button__link wp-element-button\" href=\"https:\/\/wilma.tim-wagner.com\/index.php\/notfallversorgung\/\">Notfalltermin<\/a><\/div>\n\n\n\n<div class=\"wp-block-button\"><a class=\"wp-block-button__link wp-element-button\">Ern\u00e4hrungsberatung<\/a><\/div>\n<\/div>\n<\/div>\n\n\n\n<div class=\"wp-block-group alignfull has-base-2-background-color has-background has-global-padding is-layout-constrained wp-container-core-group-is-layout-669513ed wp-block-group-is-layout-constrained\" style=\"margin-top:0;margin-bottom:0;padding-top:var(--wp--preset--spacing--50);padding-right:var(--wp--preset--spacing--50);padding-bottom:var(--wp--preset--spacing--50);padding-left:var(--wp--preset--spacing--50)\">\n<div class=\"wp-block-group is-vertical is-content-justification-center is-layout-flex wp-container-core-group-is-layout-52b864f0 wp-block-group-is-layout-flex\">\n<h2 class=\"wp-block-heading has-text-align-center is-style-asterisk\">Unsere Leistungen<\/h2>\n\n\n\n<div style=\"height:0px\" aria-hidden=\"true\" class=\"wp-block-spacer wp-container-content-4f2ccadb\"><\/div>\n\n\n\n<p class=\"has-text-align-center\">Hier ist ein detaillierter \u00dcberblick \u00fcber die Leistungen, die wir anbieten:<\/p>\n<\/div>\n\n\n\n<div style=\"margin-top:0;margin-bottom:0;height:min(4rem, 5vw)\" aria-hidden=\"true\" class=\"wp-block-spacer\"><\/div>\n\n\n\n<div class=\"wp-block-columns alignwide is-layout-flex wp-container-core-columns-is-layout-d0bbbce0 wp-block-columns-is-layout-flex\">\n<div class=\"wp-block-column is-layout-flow wp-container-core-column-is-layout-e3d1c41b wp-block-column-is-layout-flow\">\n<h3 class=\"wp-block-heading has-text-align-left is-style-asterisk has-body-font-family has-medium-font-size\" style=\"font-style:normal;font-weight:600\">Allgemeine Vorsorgeuntersuchungen<\/h3>\n\n\n\n<p class=\"has-text-align-left\">Regelm\u00e4\u00dfige Vorsorgeuntersuchungen sind entscheidend f\u00fcr die Gesundheit Ihres Tieres. Durch diese routinem\u00e4\u00dfigen Checks k\u00f6nnen wir potenzielle Gesundheitsprobleme fr\u00fchzeitig erkennen und behandeln.<\/p>\n\n\n\n<p><\/p>\n\n\n\n<p class=\"has-text-align-left\"><strong>Blutuntersuchungen:<\/strong> Routinem\u00e4\u00dfige Labortests zur \u00dcberwachung der inneren Organfunktionen.<\/p>\n\n\n\n<p><strong>Gesundheits-Check-up:<\/strong> Umfassende Untersuchung, um den allgemeinen Gesundheitszustand zu beurteilen.<\/p>\n\n\n\n<p><strong>Impfungen:<\/strong> Schutz vor h\u00e4ufigen Infektionskrankheiten durch regelm\u00e4\u00dfige Impfungen.<\/p>\n\n\n\n<p><strong>Parasitenprophylaxe:<\/strong> Vorbeugung gegen Parasiten wie Fl\u00f6he, Zecken und W\u00fcrmer.<\/p>\n\n\n\n<div class=\"wp-block-buttons is-layout-flex wp-block-buttons-is-layout-flex\">\n<div class=\"wp-block-button\"><a class=\"wp-block-button__link wp-element-button\">Termine<\/a><\/div>\n<\/div>\n<\/div>\n\n\n\n<div class=\"wp-block-column is-layout-flow wp-container-core-column-is-layout-e3d1c41b wp-block-column-is-layout-flow\">\n<h3 class=\"wp-block-heading has-text-align-left is-style-asterisk has-body-font-family has-medium-font-size\" style=\"font-style:normal;font-weight:600\">Diagnostik<\/h3>\n\n\n\n<p class=\"has-text-align-left\">Pr\u00e4zise Diagnosen sind entscheidend f\u00fcr die richtige Behandlung. Wir nutzen modernste Technologie, um genaue Diagnosen zu stellen und die bestm\u00f6gliche Therapie zu planen.<\/p>\n\n\n\n<p><\/p>\n\n\n\n<p class=\"has-text-align-left\"><strong>Endoskopie:<\/strong> Einsatz eines flexiblen Endoskops zur Untersuchung von inneren Organen und K\u00f6rperh\u00f6hlen.<\/p>\n\n\n\n<p><strong>R\u00f6ntgenuntersuchungen:<\/strong> Zur Diagnose von Knochen- und Gelenkproblemen, Tumoren und anderen Erkrankungen.<\/p>\n\n\n\n<p><strong>Ultraschall:<\/strong> Nicht-invasive Methode zur Untersuchung von Weichteilen und Organen, wie Herz, Leber und Nieren.<\/p>\n\n\n\n<p><strong>Laboruntersuchungen:<\/strong> Umfassende Blut-, Urin- und Kotuntersuchungen zur Erkennung von Infektionen, Stoffwechselst\u00f6rungen und anderen Erkrankungen.<\/p>\n<\/div>\n<\/div>\n\n\n\n<div style=\"height:min(1.5rem, 2vw)\" aria-hidden=\"true\" class=\"wp-block-spacer\"><\/div>\n\n\n\n<div class=\"wp-block-columns alignwide is-layout-flex wp-container-core-columns-is-layout-d0bbbce0 wp-block-columns-is-layout-flex\">\n<div class=\"wp-block-column is-layout-flow wp-container-core-column-is-layout-e3d1c41b wp-block-column-is-layout-flow\">\n<h3 class=\"wp-block-heading has-text-align-left is-style-asterisk has-body-font-family has-medium-font-size\" style=\"font-style:normal;font-weight:600\">Chirurgie<\/h3>\n\n\n\n<p class=\"has-text-align-left\">Unser erfahrenes Team f\u00fchrt eine Vielzahl von chirurgischen Eingriffen durch, von Routineoperationen bis hin zu komplexen Eingriffen.<\/p>\n\n\n\n<p><\/p>\n\n\n\n<p class=\"has-text-align-left\"><strong>Notfallchirurgie:<\/strong> Schnelle und effektive Behandlung von Notf\u00e4llen wie Traumen und Akutkrankheiten.<\/p>\n\n\n\n<p><strong>Routineoperationen:<\/strong> Kastrationen, Sterilisationen und Zahnextraktionen.<\/p>\n\n\n\n<p><strong>Komplexe Eingriffe:<\/strong> Chirurgie bei Tumoren, Frakturen und anderen schweren Verletzungen.<\/p>\n\n\n\n<p><strong>Weichteilchirurgie:<\/strong> Eingriffe an Organen wie Magen, Darm und Harnblase.<\/p>\n\n\n\n<p><\/p>\n<\/div>\n\n\n\n<div class=\"wp-block-column is-layout-flow wp-container-core-column-is-layout-e3d1c41b wp-block-column-is-layout-flow\">\n<h3 class=\"wp-block-heading has-text-align-left is-style-asterisk has-body-font-family has-medium-font-size\" style=\"font-style:normal;font-weight:600\">Zahnmedizin<\/h3>\n\n\n\n<p class=\"has-text-align-left\">Die Zahngesundheit ist ein wichtiger Aspekt des Wohlbefindens Ihres Haustieres. Wir bieten umfassende zahnmedizinische Versorgung, um Zahnprobleme zu vermeiden und zu behandeln.<\/p>\n\n\n\n<p><\/p>\n\n\n\n<p class=\"has-text-align-left\"><strong>Beratung:<\/strong> Tipps zur Zahnpflege zu Hause und zur Ern\u00e4hrung, um die Zahngesundheit zu unterst\u00fctzen.<\/p>\n\n\n\n<p><strong>Professionelle Zahnreinigung:<\/strong> Entfernung von Zahnstein und Plaque zur Vorbeugung von Zahnkrankheiten.<\/p>\n\n\n\n<p><strong>Zahnextraktionen:<\/strong> Entfernung von schadhaften oder schmerzhaften Z\u00e4hnen.<\/p>\n\n\n\n<p><strong>Zahnbehandlungen:<\/strong> Behandlung von Karies, Zahnfleischentz\u00fcndungen und anderen Zahnerkrankungen.<\/p>\n\n\n\n<div class=\"wp-block-buttons is-layout-flex wp-block-buttons-is-layout-flex\">\n<div class=\"wp-block-button\"><a class=\"wp-block-button__link wp-element-button\">Termine<\/a><\/div>\n<\/div>\n<\/div>\n<\/div>\n\n\n\n<div class=\"wp-block-columns alignwide is-layout-flex wp-container-core-columns-is-layout-d0bbbce0 wp-block-columns-is-layout-flex\">\n<div class=\"wp-block-column is-layout-flow wp-container-core-column-is-layout-e3d1c41b wp-block-column-is-layout-flow\">\n<h3 class=\"wp-block-heading has-text-align-left is-style-asterisk has-body-font-family has-medium-font-size\" style=\"font-style:normal;font-weight:600\">Ern\u00e4hrungsberatung<\/h3>\n\n\n\n<p class=\"has-text-align-left\">Eine ausgewogene Ern\u00e4hrung ist entscheidend f\u00fcr die Gesundheit und das Wohlbefinden Deines Haustiers. Wir bieten individuelle Beratung, um sicherzustellen, dass Dein Tier die richtige Ern\u00e4hrung erh\u00e4lt.<\/p>\n\n\n\n<p><\/p>\n\n\n\n<p><strong>Behandlung von Allergien:<\/strong> Identifikation und Management von Nahrungsmittelallergien und -unvertr\u00e4glichkeiten.<\/p>\n\n\n\n<p><strong>Ern\u00e4hrungsanalyse:<\/strong> Bewertung der aktuellen Ern\u00e4hrung und der spezifischen Bed\u00fcrfnisse Deines Tieres.<\/p>\n\n\n\n<p><strong>Di\u00e4tpl\u00e4ne:<\/strong> Erstellung ma\u00dfgeschneiderter Di\u00e4tpl\u00e4ne zur Gewichtsregulation oder zur Behandlung spezieller Gesundheitsprobleme.<\/p>\n\n\n\n<p><strong>Beratung zu Futtermitteln:<\/strong> Empfehlungen f\u00fcr qualitativ hochwertige Futtermittel und Nahrungserg\u00e4nzungsmittel.<\/p>\n\n\n\n<div class=\"wp-block-buttons is-layout-flex wp-block-buttons-is-layout-flex\">\n<div class=\"wp-block-button\"><a class=\"wp-block-button__link wp-element-button\">Ern\u00e4hrungsberatung<\/a><\/div>\n<\/div>\n<\/div>\n\n\n\n<div class=\"wp-block-column is-layout-flow wp-container-core-column-is-layout-e3d1c41b wp-block-column-is-layout-flow\">\n<h3 class=\"wp-block-heading has-text-align-left is-style-asterisk has-body-font-family has-medium-font-size\" style=\"font-style:normal;font-weight:600\">Physiotherapie<\/h3>\n\n\n\n<p class=\"has-text-align-left\">Unsere Physiotherapie dient der Rehabilitation und der Verbesserung der Lebensqualit\u00e4t Ihres Tieres nach Verletzungen oder Operationen.<\/p>\n\n\n\n<p><\/p>\n\n\n\n<p><strong>Rehabilitation:<\/strong> Individuelle Programme zur Wiederherstellung der vollen Funktionalit\u00e4t nach Verletzungen oder Operationen.<\/p>\n\n\n\n<p><strong>Manuelle Therapie:<\/strong> Techniken zur Schmerzlinderung und Verbesserung der Beweglichkeit.<\/p>\n\n\n\n<p><strong>Hydrotherapie:<\/strong> Bewegungstherapie im Wasser zur St\u00e4rkung der Muskulatur und Schonung der Gelenke.<\/p>\n\n\n\n<p><strong>Elektrotherapie:<\/strong> Anwendung von Stromimpulsen zur Schmerzlinderung und Muskelstimulation.<\/p>\n\n\n\n<div class=\"wp-block-buttons is-layout-flex wp-block-buttons-is-layout-flex\">\n<div class=\"wp-block-button\"><a class=\"wp-block-button__link wp-element-button\">Termine<\/a><\/div>\n<\/div>\n<\/div>\n<\/div>\n\n\n\n<div class=\"wp-block-columns alignwide is-layout-flex wp-container-core-columns-is-layout-d0bbbce0 wp-block-columns-is-layout-flex\">\n<div class=\"wp-block-column is-layout-flow wp-container-core-column-is-layout-e3d1c41b wp-block-column-is-layout-flow\">\n<h3 class=\"wp-block-heading has-text-align-left is-style-asterisk has-body-font-family has-medium-font-size\" style=\"font-style:normal;font-weight:600\">Beautybehandlungen<\/h3>\n\n\n\n<p class=\"has-text-align-left\">Sch\u00f6nheitspflege ist mehr als nur kosmetisch; sie tr\u00e4gt auch zur Gesundheit und zum Wohlbefinden Deines Haustieres bei.<\/p>\n\n\n\n<p><\/p>\n\n\n\n<p><strong>Hautpflege:<\/strong> Behandlung von Hautproblemen und Anwendung von Feuchtigkeits- und Pflegemitteln.<\/p>\n\n\n\n<p><strong>Fellpflege:<\/strong> Professionelle Schur, Baden und Pflege des Fells, um Verfilzungen und Hautprobleme zu vermeiden.<\/p>\n\n\n\n<p><strong>Nagelpflege:<\/strong> Regelm\u00e4\u00dfiges K\u00fcrzen und Pflege der Krallen zur Vermeidung von Schmerzen und Bewegungsproblemen.<\/p>\n\n\n\n<p><strong>Ohren- und Augenpflege:<\/strong> Reinigung und Kontrolle von Ohren und Augen, um Infektionen und Verstopfungen vorzubeugen.<\/p>\n\n\n\n<div class=\"wp-block-buttons is-layout-flex wp-block-buttons-is-layout-flex\">\n<div class=\"wp-block-button\"><a class=\"wp-block-button__link wp-element-button\">Termine<\/a><\/div>\n<\/div>\n<\/div>\n\n\n\n<div class=\"wp-block-column is-layout-flow wp-container-core-column-is-layout-e3d1c41b wp-block-column-is-layout-flow\">\n<h3 class=\"wp-block-heading has-text-align-left is-style-asterisk has-body-font-family has-medium-font-size\" style=\"font-style:normal;font-weight:600\">Notfallversorgung<\/h3>\n\n\n\n<p class=\"has-text-align-left\">In Notf\u00e4llen ist schnelle Hilfe entscheidend. Wir stehen Dir rund um die Uhr zur Verf\u00fcgung, um akuten medizinischen Bedarf zu decken.<\/p>\n\n\n\n<p><\/p>\n\n\n\n<p><strong>Intensivpflege:<\/strong> Spezialisierte Pflege f\u00fcr kritisch kranke oder verletzte Tiere.<\/p>\n\n\n\n<p><strong>24\/7 Notfallversorgung:<\/strong> Rund um die Uhr erreichbar f\u00fcr Notf\u00e4lle und akute medizinische Probleme.<\/p>\n\n\n\n<p><strong>Erste-Hilfe-Ma\u00dfnahmen:<\/strong> Sofortige Behandlung bei Unf\u00e4llen, Vergiftungen oder pl\u00f6tzlichen Erkrankungen.<\/p>\n\n\n\n<div class=\"wp-block-buttons is-layout-flex wp-block-buttons-is-layout-flex\">\n<div class=\"wp-block-button\" id=\"Notfall\"><a class=\"wp-block-button__link wp-element-button\" href=\"https:\/\/wilma.tim-wagner.com\/index.php\/notfallversorgung\/\">Notfalltermin<\/a><\/div>\n<\/div>\n<\/div>\n<\/div>\n\n\n\n<p><\/p>\n<\/div>\n","protected":false},"excerpt":{"rendered":"<p>Umfassende Tiermedizin auf h\u00f6chstem Niveau In unserer Praxis bieten wir ein breites Spektrum an Dienstleistungen, um sicherzustellen, dass Ihr Haustier die bestm\u00f6gliche Versorgung erh\u00e4lt. Unser erfahrenes Team ist darauf spezialisiert, die individuellen Bed\u00fcrfnisse jedes Tieres zu erf\u00fcllen, von pr\u00e4ventiven Ma\u00dfnahmen bis hin zu komplexen Behandlungen. Unsere Leistungen Hier ist ein detaillierter \u00dcberblick \u00fcber die Leistungen, [&hellip;]<\/p>\n","protected":false},"author":1,"featured_media":0,"parent":0,"menu_order":0,"comment_status":"closed","ping_status":"closed","template":"","meta":{"footnotes":""},"class_list":["post-17","page","type-page","status-publish","hentry"],"_links":{"self":[{"href":"https:\/\/wilma.tim-wagner.com\/index.php\/wp-json\/wp\/v2\/pages\/17","targetHints":{"allow":["GET"]}}],"collection":[{"href":"https:\/\/wilma.tim-wagner.com\/index.php\/wp-json\/wp\/v2\/pages"}],"about":[{"href":"https:\/\/wilma.tim-wagner.com\/index.php\/wp-json\/wp\/v2\/types\/page"}],"author":[{"embeddable":true,"href":"https:\/\/wilma.tim-wagner.com\/index.php\/wp-json\/wp\/v2\/users\/1"}],"replies":[{"embeddable":true,"href":"https:\/\/wilma.tim-wagner.com\/index.php\/wp-json\/wp\/v2\/comments?post=17"}],"version-history":[{"count":5,"href":"https:\/\/wilma.tim-wagner.com\/index.php\/wp-json\/wp\/v2\/pages\/17\/revisions"}],"predecessor-version":[{"id":35,"href":"https:\/\/wilma.tim-wagner.com\/index.php\/wp-json\/wp\/v2\/pages\/17\/revisions\/35"}],"wp:attachment":[{"href":"https:\/\/wilma.tim-wagner.com\/index.php\/wp-json\/wp\/v2\/media?parent=17"}],"curies":[{"name":"wp","href":"https:\/\/api.w.org\/{rel}","templated":true}]}}