{"id":56,"date":"2024-09-11T13:18:56","date_gmt":"2024-09-11T11:18:56","guid":{"rendered":"https:\/\/wilma.tim-wagner.com\/?page_id=56"},"modified":"2024-09-11T13:25:50","modified_gmt":"2024-09-11T11:25:50","slug":"pfotenstories-feedback","status":"publish","type":"page","link":"https:\/\/wilma.tim-wagner.com\/index.php\/pfotenstories-feedback\/","title":{"rendered":"Pfotenstories &amp; Feedback"},"content":{"rendered":"\n<p>Tierische Erlebnisse und deine Meinung!<\/p>\n\n\n<ul class=\"wp-block-latest-posts__list wp-block-latest-posts\"><li><a class=\"wp-block-latest-posts__post-title\" href=\"https:\/\/wilma.tim-wagner.com\/index.php\/2024\/09\/11\/die-katze-die-kein-bad-nehmen-wollte\/\">Die Katze, die kein Bad nehmen wollte<\/a><\/li>\n<li><a class=\"wp-block-latest-posts__post-title\" href=\"https:\/\/wilma.tim-wagner.com\/index.php\/2024\/09\/11\/der-ungeplante-wellensittich-check-up\/\">Der ungeplante Wellensittich-Check-up<\/a><\/li>\n<li><a class=\"wp-block-latest-posts__post-title\" href=\"https:\/\/wilma.tim-wagner.com\/index.php\/2024\/09\/07\/hallo-welt\/\">Der Labrador und der Riesenkeks<\/a><\/li>\n<\/ul>\n\n\n<div class=\"wp-block-query has-global-padding is-layout-constrained wp-block-query-is-layout-constrained\">\n<div class=\"wp-block-group is-layout-flow wp-block-group-is-layout-flow\" style=\"margin-top:0;margin-bottom:0;padding-top:var(--wp--preset--spacing--50);padding-right:0;padding-bottom:var(--wp--preset--spacing--50);padding-left:0\"><ul class=\"alignfull wp-block-post-template is-layout-flow wp-container-core-post-template-is-layout-09c064ec wp-block-post-template-is-layout-flow\"><li class=\"wp-block-post post-64 post type-post status-publish format-standard has-post-thumbnail hentry category-pfotenstories\">\n<figure style=\"aspect-ratio:3\/2; margin-bottom:var(--wp--preset--spacing--20);\" class=\"wp-block-post-featured-image\"><a href=\"https:\/\/wilma.tim-wagner.com\/index.php\/2024\/09\/11\/die-katze-die-kein-bad-nehmen-wollte\/\" target=\"_self\"  ><img loading=\"lazy\" decoding=\"async\" width=\"1080\" height=\"1080\" src=\"https:\/\/wilma.tim-wagner.com\/wp-content\/uploads\/2024\/09\/5.jpg\" class=\"attachment-post-thumbnail size-post-thumbnail wp-post-image\" alt=\"Die Katze, die kein Bad nehmen wollte\" style=\"width:100%;height:100%;object-fit:cover;\" srcset=\"https:\/\/wilma.tim-wagner.com\/wp-content\/uploads\/2024\/09\/5.jpg 1080w, https:\/\/wilma.tim-wagner.com\/wp-content\/uploads\/2024\/09\/5-300x300.jpg 300w, https:\/\/wilma.tim-wagner.com\/wp-content\/uploads\/2024\/09\/5-1024x1024.jpg 1024w, https:\/\/wilma.tim-wagner.com\/wp-content\/uploads\/2024\/09\/5-150x150.jpg 150w, https:\/\/wilma.tim-wagner.com\/wp-content\/uploads\/2024\/09\/5-768x768.jpg 768w\" sizes=\"auto, (max-width: 1080px) 100vw, 1080px\" \/><\/a><\/figure>\n\n\n<div class=\"wp-block-group is-vertical is-nowrap is-layout-flex wp-container-core-group-is-layout-9bc6ff26 wp-block-group-is-layout-flex\"><h2 style=\"margin-bottom:0;\" class=\"wp-block-post-title has-x-large-font-size\"><a href=\"https:\/\/wilma.tim-wagner.com\/index.php\/2024\/09\/11\/die-katze-die-kein-bad-nehmen-wollte\/\" target=\"_self\" >Die Katze, die kein Bad nehmen wollte<\/a><\/h2>\n\n<div class=\"wp-block-template-part\">\n\n<div class=\"wp-block-group has-global-padding is-layout-constrained wp-block-group-is-layout-constrained\">\n\t\n\t<div class=\"wp-block-group is-content-justification-left is-layout-flex wp-container-core-group-is-layout-dfe8e91f wp-block-group-is-layout-flex\">\n\t\t<div class=\"wp-block-post-date\"><time datetime=\"2024-09-11T13:31:28+02:00\"><a href=\"https:\/\/wilma.tim-wagner.com\/index.php\/2024\/09\/11\/die-katze-die-kein-bad-nehmen-wollte\/\">Sep. 11, 2024<\/a><\/time><\/div>\n\n\t\t\n\t\t<p class=\"has-contrast-2-color has-text-color\">\u2014<\/p>\n\t\t\n\n\t\t\n\t\t<p class=\"has-small-font-size has-contrast-2-color has-text-color\">von<\/p>\n\t\t\n\n\t\t<div class=\"wp-block-post-author-name\"><a href=\"https:\/\/wilma.tim-wagner.com\/index.php\/author\/wilma\/\" target=\"_self\" class=\"wp-block-post-author-name__link\">Wilma<\/a><\/div>\n\n\t\t<div class=\"taxonomy-category wp-block-post-terms\"><span class=\"wp-block-post-terms__prefix\">in <\/span><a href=\"https:\/\/wilma.tim-wagner.com\/index.php\/category\/pfotenstories\/\" rel=\"tag\">Pfotenstories<\/a><\/div>\n\n\t<\/div>\n\t\n<\/div>\n\n\n<\/div>\n\n<div class=\"wp-block-post-excerpt has-small-font-size\"><p class=\"wp-block-post-excerpt__excerpt\">Jeden Donnerstag ist bei uns \u201eBeauty-Tag\u201c. Ein besonders anspruchsvoller Gast war \u201eFrau Schmidt\u201c, eine Katze mit dem Selbstbewusstsein eines K\u00f6nigs. Sie kam zum Fellpflege- und Badeprogramm, aber sie hatte ganz eigene Pl\u00e4ne. W\u00e4hrend die TFA Hailey versuchte, Frau Schmidt in die Badewanne zu setzen, sprang sie pl\u00f6tzlich wie ein Akrobat aus dem Behandlungsraum und verschwand&hellip; <\/p><\/div>\n\n\n<div style=\"height:0px\" aria-hidden=\"true\" class=\"wp-block-spacer wp-container-content-32e3a40d\"><\/div>\n<\/div>\n\n<\/li><li class=\"wp-block-post post-58 post type-post status-publish format-standard has-post-thumbnail hentry category-pfotenstories\">\n<figure style=\"aspect-ratio:3\/2; margin-bottom:var(--wp--preset--spacing--20);\" class=\"wp-block-post-featured-image\"><a href=\"https:\/\/wilma.tim-wagner.com\/index.php\/2024\/09\/11\/der-ungeplante-wellensittich-check-up\/\" target=\"_self\"  ><img loading=\"lazy\" decoding=\"async\" width=\"1080\" height=\"1080\" src=\"https:\/\/wilma.tim-wagner.com\/wp-content\/uploads\/2024\/09\/3.jpg\" class=\"attachment-post-thumbnail size-post-thumbnail wp-post-image\" alt=\"Der ungeplante Wellensittich-Check-up\" style=\"width:100%;height:100%;object-fit:cover;\" srcset=\"https:\/\/wilma.tim-wagner.com\/wp-content\/uploads\/2024\/09\/3.jpg 1080w, https:\/\/wilma.tim-wagner.com\/wp-content\/uploads\/2024\/09\/3-300x300.jpg 300w, https:\/\/wilma.tim-wagner.com\/wp-content\/uploads\/2024\/09\/3-1024x1024.jpg 1024w, https:\/\/wilma.tim-wagner.com\/wp-content\/uploads\/2024\/09\/3-150x150.jpg 150w, https:\/\/wilma.tim-wagner.com\/wp-content\/uploads\/2024\/09\/3-768x768.jpg 768w\" sizes=\"auto, (max-width: 1080px) 100vw, 1080px\" \/><\/a><\/figure>\n\n\n<div class=\"wp-block-group is-vertical is-nowrap is-layout-flex wp-container-core-group-is-layout-9bc6ff26 wp-block-group-is-layout-flex\"><h2 style=\"margin-bottom:0;\" class=\"wp-block-post-title has-x-large-font-size\"><a href=\"https:\/\/wilma.tim-wagner.com\/index.php\/2024\/09\/11\/der-ungeplante-wellensittich-check-up\/\" target=\"_self\" >Der ungeplante Wellensittich-Check-up<\/a><\/h2>\n\n<div class=\"wp-block-template-part\">\n\n<div class=\"wp-block-group has-global-padding is-layout-constrained wp-block-group-is-layout-constrained\">\n\t\n\t<div class=\"wp-block-group is-content-justification-left is-layout-flex wp-container-core-group-is-layout-dfe8e91f wp-block-group-is-layout-flex\">\n\t\t<div class=\"wp-block-post-date\"><time datetime=\"2024-09-11T13:22:19+02:00\"><a href=\"https:\/\/wilma.tim-wagner.com\/index.php\/2024\/09\/11\/der-ungeplante-wellensittich-check-up\/\">Sep. 11, 2024<\/a><\/time><\/div>\n\n\t\t\n\t\t<p class=\"has-contrast-2-color has-text-color\">\u2014<\/p>\n\t\t\n\n\t\t\n\t\t<p class=\"has-small-font-size has-contrast-2-color has-text-color\">von<\/p>\n\t\t\n\n\t\t<div class=\"wp-block-post-author-name\"><a href=\"https:\/\/wilma.tim-wagner.com\/index.php\/author\/wilma\/\" target=\"_self\" class=\"wp-block-post-author-name__link\">Wilma<\/a><\/div>\n\n\t\t<div class=\"taxonomy-category wp-block-post-terms\"><span class=\"wp-block-post-terms__prefix\">in <\/span><a href=\"https:\/\/wilma.tim-wagner.com\/index.php\/category\/pfotenstories\/\" rel=\"tag\">Pfotenstories<\/a><\/div>\n\n\t<\/div>\n\t\n<\/div>\n\n\n<\/div>\n\n<div class=\"wp-block-post-excerpt has-small-font-size\"><p class=\"wp-block-post-excerpt__excerpt\">Eines sch\u00f6nen Montagmorgens kam eine besorgte Kundin mit ihrem Kater \u201eSimba\u201c zur Routineuntersuchung. Alles lief normal \u2013 bis pl\u00f6tzlich ein lautes \u201ePieeep!\u201c durch den Raum hallte. Ein Blick in die Transportbox und siehe da: neben Simba sa\u00df auch der Wellensittich \u201eKiki\u201c! Die Besitzerin war v\u00f6llig \u00fcberrascht. Anscheinend hatte Kiki beschlossen, sich heimlich ins Abenteuer zu&hellip; <\/p><\/div>\n\n\n<div style=\"height:0px\" aria-hidden=\"true\" class=\"wp-block-spacer wp-container-content-32e3a40d\"><\/div>\n<\/div>\n\n<\/li><li class=\"wp-block-post post-1 post type-post status-publish format-standard has-post-thumbnail hentry category-pfotenstories\">\n<figure style=\"aspect-ratio:3\/2; margin-bottom:var(--wp--preset--spacing--20);\" class=\"wp-block-post-featured-image\"><a href=\"https:\/\/wilma.tim-wagner.com\/index.php\/2024\/09\/07\/hallo-welt\/\" target=\"_self\"  ><img loading=\"lazy\" decoding=\"async\" width=\"1080\" height=\"1080\" src=\"https:\/\/wilma.tim-wagner.com\/wp-content\/uploads\/2024\/09\/4.jpg\" class=\"attachment-post-thumbnail size-post-thumbnail wp-post-image\" alt=\"Der Labrador und der Riesenkeks\" style=\"width:100%;height:100%;object-fit:cover;\" srcset=\"https:\/\/wilma.tim-wagner.com\/wp-content\/uploads\/2024\/09\/4.jpg 1080w, https:\/\/wilma.tim-wagner.com\/wp-content\/uploads\/2024\/09\/4-300x300.jpg 300w, https:\/\/wilma.tim-wagner.com\/wp-content\/uploads\/2024\/09\/4-1024x1024.jpg 1024w, https:\/\/wilma.tim-wagner.com\/wp-content\/uploads\/2024\/09\/4-150x150.jpg 150w, https:\/\/wilma.tim-wagner.com\/wp-content\/uploads\/2024\/09\/4-768x768.jpg 768w\" sizes=\"auto, (max-width: 1080px) 100vw, 1080px\" \/><\/a><\/figure>\n\n\n<div class=\"wp-block-group is-vertical is-nowrap is-layout-flex wp-container-core-group-is-layout-9bc6ff26 wp-block-group-is-layout-flex\"><h2 style=\"margin-bottom:0;\" class=\"wp-block-post-title has-x-large-font-size\"><a href=\"https:\/\/wilma.tim-wagner.com\/index.php\/2024\/09\/07\/hallo-welt\/\" target=\"_self\" >Der Labrador und der Riesenkeks<\/a><\/h2>\n\n<div class=\"wp-block-template-part\">\n\n<div class=\"wp-block-group has-global-padding is-layout-constrained wp-block-group-is-layout-constrained\">\n\t\n\t<div class=\"wp-block-group is-content-justification-left is-layout-flex wp-container-core-group-is-layout-dfe8e91f wp-block-group-is-layout-flex\">\n\t\t<div class=\"wp-block-post-date\"><time datetime=\"2024-09-07T15:37:17+02:00\"><a href=\"https:\/\/wilma.tim-wagner.com\/index.php\/2024\/09\/07\/hallo-welt\/\">Sep. 7, 2024<\/a><\/time><\/div>\n\n\t\t\n\t\t<p class=\"has-contrast-2-color has-text-color\">\u2014<\/p>\n\t\t\n\n\t\t\n\t\t<p class=\"has-small-font-size has-contrast-2-color has-text-color\">von<\/p>\n\t\t\n\n\t\t<div class=\"wp-block-post-author-name\"><a href=\"https:\/\/wilma.tim-wagner.com\/index.php\/author\/wilma\/\" target=\"_self\" class=\"wp-block-post-author-name__link\">Wilma<\/a><\/div>\n\n\t\t<div class=\"taxonomy-category wp-block-post-terms\"><span class=\"wp-block-post-terms__prefix\">in <\/span><a href=\"https:\/\/wilma.tim-wagner.com\/index.php\/category\/pfotenstories\/\" rel=\"tag\">Pfotenstories<\/a><\/div>\n\n\t<\/div>\n\t\n<\/div>\n\n\n<\/div>\n\n<div class=\"wp-block-post-excerpt has-small-font-size\"><p class=\"wp-block-post-excerpt__excerpt\">An einem hektischen Nachmittag kam &#8222;Bruno&#8220;, ein \u00fcberm\u00fctiger Labrador, in die Praxis, nachdem er etwas Ungew\u00f6hnliches gefressen hatte. Seine Besitzer waren besorgt und vermuteten das Schlimmste. Dr. Manfred untersuchte ihn gr\u00fcndlich, konnte aber nichts Ernstes feststellen. Pl\u00f6tzlich \u00f6ffnete Bruno das Maul \u2013 und heraus kam ein halber Schokoladenkeks, den er wohl f\u00fcr einen sp\u00e4ten Snack&hellip; <\/p><\/div>\n\n\n<div style=\"height:0px\" aria-hidden=\"true\" class=\"wp-block-spacer wp-container-content-32e3a40d\"><\/div>\n<\/div>\n\n<\/li><\/ul>\n\n\n<div style=\"margin-top:0;margin-bottom:0;height:var(--wp--preset--spacing--50)\" aria-hidden=\"true\" class=\"wp-block-spacer\"><\/div>\n\n\n<\/div>\n<\/div>\n","protected":false},"excerpt":{"rendered":"<p>Tierische Erlebnisse und deine Meinung!<\/p>\n","protected":false},"author":1,"featured_media":0,"parent":0,"menu_order":0,"comment_status":"closed","ping_status":"closed","template":"","meta":{"footnotes":""},"class_list":["post-56","page","type-page","status-publish","hentry"],"_links":{"self":[{"href":"https:\/\/wilma.tim-wagner.com\/index.php\/wp-json\/wp\/v2\/pages\/56","targetHints":{"allow":["GET"]}}],"collection":[{"href":"https:\/\/wilma.tim-wagner.com\/index.php\/wp-json\/wp\/v2\/pages"}],"about":[{"href":"https:\/\/wilma.tim-wagner.com\/index.php\/wp-json\/wp\/v2\/types\/page"}],"author":[{"embeddable":true,"href":"https:\/\/wilma.tim-wagner.com\/index.php\/wp-json\/wp\/v2\/users\/1"}],"replies":[{"embeddable":true,"href":"https:\/\/wilma.tim-wagner.com\/index.php\/wp-json\/wp\/v2\/comments?post=56"}],"version-history":[{"count":3,"href":"https:\/\/wilma.tim-wagner.com\/index.php\/wp-json\/wp\/v2\/pages\/56\/revisions"}],"predecessor-version":[{"id":62,"href":"https:\/\/wilma.tim-wagner.com\/index.php\/wp-json\/wp\/v2\/pages\/56\/revisions\/62"}],"wp:attachment":[{"href":"https:\/\/wilma.tim-wagner.com\/index.php\/wp-json\/wp\/v2\/media?parent=56"}],"curies":[{"name":"wp","href":"https:\/\/api.w.org\/{rel}","templated":true}]}}